{"id":658,"date":"2022-07-05T20:54:30","date_gmt":"2022-07-05T18:54:30","guid":{"rendered":"http:\/\/tennisclublerouret.com\/?page_id=658"},"modified":"2022-07-05T21:06:48","modified_gmt":"2022-07-05T19:06:48","slug":"locations-a-lheure","status":"publish","type":"page","link":"https:\/\/tennisclublerouret.com\/index.php\/locations-a-lheure\/","title":{"rendered":"Locations \u00e0 l&rsquo;heure"},"content":{"rendered":"\n<h2 class=\"wp-block-heading\"><strong>Francais\/French:<\/strong><\/h2>\n\n\n\n<p>L&rsquo;abonnement en ligne pour la location \u00e0 l&rsquo;heure donne acc\u00e8s uniquement \u00e0 la r\u00e9servation et l&rsquo;acc\u00e8s au&nbsp;court 1 situ\u00e9 devant le \u00ab\u00a0club-house\u00a0\u00bb entre le 1er Juillet 2022 et le 31 Aout 2022.<\/p>\n\n\n\n<p>Il se fait sur le site&nbsp;<a href=\"https:\/\/ballejaune.com\/club\/artlerouret\" rel=\"noreferrer noopener\" target=\"_blank\">https:\/\/ballejaune.com\/club\/artlerouret<\/a><br><\/p>\n\n\n\n<p>Tarif: 1 heure = 20 euros pour l&rsquo;ensemble des joueurs sous la responsabilit\u00e9 de l&rsquo;abonn\u00e9 faisant la r\u00e9servation.<\/p>\n\n\n\n<p>Pour un abonnement annuel plus avantageux financierement,\u00a0veuillez cliquer <a href=\"https:\/\/tennisclublerouret.com\/index.php\/inscription\/\" target=\"_blank\" rel=\"noreferrer noopener\" aria-label=\" (s\u2019ouvre dans un nouvel onglet)\">ici<\/a><\/p>\n\n\n\n<p>Une fois votre abonnement \u00ab\u00a0location \u00e0 l&rsquo;heure\u00a0\u00bb cr\u00e9\u00e9 (automatiquement sur validation de votre formulaire), vous recevez automiquement vos identifiants et pouvez acheter un ou plusieurs tickets de location&nbsp;\u00e0 l\u2019heure, afin de pouvoir r\u00e9server sur le planning du court 1.&nbsp;<br><\/p>\n\n\n\n<p>Le paiement se fait uniquement via paypal en mode self-service. Il faut donc avoir un compte paypal, la cr\u00e9ation de compte est&nbsp;gratuite, il faut juste avoir un RIB ou une carte bancaire (<a href=\"https:\/\/www.paypal.com\/fr\/home\" target=\"_blank\" rel=\"noreferrer noopener\">https:\/\/www.paypal.com\/fr\/home<\/a>).&nbsp;<\/p>\n\n\n\n<p>La proc\u00e9dure pour acc\u00e9der au court1 vous sera donn\u00e9&nbsp;sur l&#8217;email de confirmation de vos r\u00e9servations.<\/p>\n\n\n\n<p>Ainsi l&rsquo;ensemble de l&rsquo;abonnement, achat de tickets, r\u00e9servations et confirmations avec proc\u00e9dure d&rsquo;acc\u00e8s au court1 se fait en mode self-service.<\/p>\n\n\n\n<h2 class=\"wp-block-heading\"><strong>English:<\/strong><\/h2>\n\n\n\n<p>This subscription \u00ab\u00a0location&nbsp;\u00e0 l&rsquo;heure\u00a0\u00bb&nbsp;is only relevant for people willing to book and pay per hour during 1st July and 31st August 2022.<\/p>\n\n\n\n<p>Subscription in self-service mode can be made on&nbsp;<a href=\"https:\/\/ballejaune.com\/club\/artlerouret\" rel=\"noreferrer noopener\" target=\"_blank\">https:\/\/ballejaune.com\/club\/artlerouret<\/a><\/p>\n\n\n\n<p>Rate: 20 euros per hour, including all players under the responsability of the subscriber<\/p>\n\n\n\n<p>For a yearly subcription, please click <a href=\"http:\/\/tennisclublerouret.com\/index.php\/inscription\/\">here<\/a><\/p>\n\n\n\n<p>Once your account is created automatically based on the info that you provide,&nbsp; you will get by email your credentials and will be able to purchase tickets (1 ticket = 1 hour = 20 euros) only via paypal, prior to make your first booking on court 1 planning.&nbsp;<br><\/p>\n\n\n\n<p>You therefore needs a paypal account, free to create such account on&nbsp;<a href=\"https:\/\/www.paypal.com\/fr\/home\" target=\"_blank\" rel=\"noreferrer noopener\">https:\/\/www.paypal.com\/fr\/home<\/a>, you only need to have a IBAN or credit card associated to your paypal account.&nbsp;<\/p>\n\n\n\n<p>Once you book the court1, you will receive a confirmation email giving you the process to access the court1.&nbsp;<\/p>\n\n\n\n<p>Hence all the procedure (subscription, tickets purchase, bookings and confirmations including process to access court1) is in self-service mode.<\/p>\n","protected":false},"excerpt":{"rendered":"<p>Francais\/French: L&rsquo;abonnement en ligne pour la location \u00e0 l&rsquo;heure donne acc\u00e8s uniquement \u00e0 la r\u00e9servation et l&rsquo;acc\u00e8s au&nbsp;court 1 situ\u00e9 devant le \u00ab\u00a0club-house\u00a0\u00bb entre le 1er Juillet 2022 et le 31 Aout 2022. Il se fait sur le site&nbsp;https:\/\/ballejaune.com\/club\/artlerouret Tarif: 1 heure = 20 euros pour l&rsquo;ensemble des joueurs sous la responsabilit\u00e9 de l&rsquo;abonn\u00e9 faisant&hellip; <br \/> <a class=\"read-more\" href=\"https:\/\/tennisclublerouret.com\/index.php\/locations-a-lheure\/\">Lire la suite<\/a><\/p>\n","protected":false},"author":4,"featured_media":0,"parent":0,"menu_order":0,"comment_status":"closed","ping_status":"closed","template":"","meta":{"_mi_skip_tracking":false,"_monsterinsights_sitenote_active":false,"_monsterinsights_sitenote_note":"","_monsterinsights_sitenote_category":0,"footnotes":""},"_links":{"self":[{"href":"https:\/\/tennisclublerouret.com\/index.php\/wp-json\/wp\/v2\/pages\/658"}],"collection":[{"href":"https:\/\/tennisclublerouret.com\/index.php\/wp-json\/wp\/v2\/pages"}],"about":[{"href":"https:\/\/tennisclublerouret.com\/index.php\/wp-json\/wp\/v2\/types\/page"}],"author":[{"embeddable":true,"href":"https:\/\/tennisclublerouret.com\/index.php\/wp-json\/wp\/v2\/users\/4"}],"replies":[{"embeddable":true,"href":"https:\/\/tennisclublerouret.com\/index.php\/wp-json\/wp\/v2\/comments?post=658"}],"version-history":[{"count":2,"href":"https:\/\/tennisclublerouret.com\/index.php\/wp-json\/wp\/v2\/pages\/658\/revisions"}],"predecessor-version":[{"id":663,"href":"https:\/\/tennisclublerouret.com\/index.php\/wp-json\/wp\/v2\/pages\/658\/revisions\/663"}],"wp:attachment":[{"href":"https:\/\/tennisclublerouret.com\/index.php\/wp-json\/wp\/v2\/media?parent=658"}],"curies":[{"name":"wp","href":"https:\/\/api.w.org\/{rel}","templated":true}]}}