{"id":58,"date":"2016-10-04T07:40:42","date_gmt":"2016-10-04T06:40:42","guid":{"rendered":"http:\/\/tennisclublerouret.com\/?page_id=58"},"modified":"2023-09-27T18:30:04","modified_gmt":"2023-09-27T16:30:04","slug":"ecole-de-tennis","status":"publish","type":"page","link":"https:\/\/tennisclublerouret.com\/index.php\/ecole-de-tennis\/","title":{"rendered":"l &lsquo;enseignement de Tennis"},"content":{"rendered":"<h2><\/h2>\n<h2><strong><span style=\"color: #3366ff;\">Association Rouretoise de Tennis : ART<\/span><\/strong><\/h2>\n<p>Impasse de Clamarquier \u2013 06650 LE ROURET<\/p>\n<p>Email: <a href=\"mailto:artlerouret@gmail.com\">artlerouret@gmail.com<\/a><\/p>\n<p>04.93.77.73.02<\/p>\n<h2><strong><span style=\"color: #3366ff;\">Entrainements\u00a0<\/span><\/strong><span style=\"color: #3366ff;\">comp\u00e9titions<\/span><\/h2>\n<h2><span style=\"color: #ff6600;\">EYSSERIC Florian \u2013 06.66.77.54.40<\/span><\/h2>\n<h5><span style=\"color: #ff6600;\">Professeur dipl\u00f4m\u00e9 d\u2019\u00e9tat: <\/span>Joueur Classe 1\/6 Ex n\u00b0 300 Francais<\/h5>\n<h5>Email: <a href=\"mailto:fxdams@hotmail.com\">fesseyric96@gmail.com\u00a0\u00a0<\/a><\/h5>\n<h2><span style=\"color: #3366ff;\">\u00a0Accessible \u00e0 tous niveaux\/tous les ages<\/span><\/h2>\n<p>Cours collectifs :1.h30 par s\u00e9ance\/30 s\u00e9ances assur\u00e9es dans l&rsquo;ann\u00e9e<\/p>\n<p>Le\u00e7on particulier: Un coaching personnalis\u00e9 d une heure afin<\/p>\n<p>d&rsquo;atteindre vos objectifs plus efficacement<\/p>\n<h2><strong><span style=\"color: #3366ff;\">Ecole de Tennis<\/span><\/strong><\/h2>\n<h2><span style=\"color: #ff6600;\">DAMS Francois-Xavier \u2013 06.68.32.59.47<\/span><\/h2>\n<h5><span style=\"color: #ff6600;\">Professeur dipl\u00f4m\u00e9 d\u2019\u00e9tat:<\/span> D.E Tennis \u2013 License STAPS Entrainement sportif<\/h5>\n<h5>Email: <a href=\"mailto:fxdams@hotmail.com\">fxdams@hotmail.com \u00a0 \u00a0 \u00a0 <\/a><\/h5>\n<h5><strong><span style=\"color: #3366ff;\">Vous propose des formules en cours collectifs, individuelles, stages<\/span><\/strong><\/h5>\n<p>Essai gratuit sur RDV au\u00a006.68.32.59.47<\/p>\n<hr \/>\n<h2><span style=\"color: #3366ff;\">\u00a0Enfants<\/span><\/h2>\n<p>Cours collectifs (hors vacances scolaire)<\/p>\n<p><span style=\"text-decoration: underline;\">Mini Tennis<\/span> ( pour les 4-6 ans)\u00a0<span style=\"color: #ff0000;\">(nouveau)<\/span><\/p>\n<p><span style=\"text-decoration: underline;\">Club Junior<\/span><\/p>\n<p><span style=\"text-decoration: underline;\">Stages Jeunes\/ Enfants<\/span> (uniquement durant les vacances scolaires)<\/p>\n<hr \/>\n<h2><span style=\"color: #3366ff;\">Adultes loisirs<\/span><\/h2>\n<p><span style=\"text-decoration: underline;\">Cours Collectifs<\/span><\/p>\n<p><span style=\"text-decoration: underline;\">Cours particuliers<\/span><\/p>\n<h2><\/h2>\n","protected":false},"excerpt":{"rendered":"<p>Association Rouretoise de Tennis : ART Impasse de Clamarquier \u2013 06650 LE ROURET Email: artlerouret@gmail.com 04.93.77.73.02 Entrainements\u00a0comp\u00e9titions EYSSERIC Florian \u2013 06.66.77.54.40 Professeur dipl\u00f4m\u00e9 d\u2019\u00e9tat: Joueur Classe 1\/6 Ex n\u00b0 300 Francais Email: fesseyric96@gmail.com\u00a0\u00a0 \u00a0Accessible \u00e0 tous niveaux\/tous les ages Cours collectifs :1.h30 par s\u00e9ance\/30 s\u00e9ances assur\u00e9es dans l&rsquo;ann\u00e9e Le\u00e7on particulier: Un coaching personnalis\u00e9 d une&hellip; <br \/> <a class=\"read-more\" href=\"https:\/\/tennisclublerouret.com\/index.php\/ecole-de-tennis\/\">Lire la suite<\/a><\/p>\n","protected":false},"author":2,"featured_media":0,"parent":0,"menu_order":0,"comment_status":"closed","ping_status":"closed","template":"","meta":{"_mi_skip_tracking":false,"_monsterinsights_sitenote_active":false,"_monsterinsights_sitenote_note":"","_monsterinsights_sitenote_category":0,"footnotes":""},"_links":{"self":[{"href":"https:\/\/tennisclublerouret.com\/index.php\/wp-json\/wp\/v2\/pages\/58"}],"collection":[{"href":"https:\/\/tennisclublerouret.com\/index.php\/wp-json\/wp\/v2\/pages"}],"about":[{"href":"https:\/\/tennisclublerouret.com\/index.php\/wp-json\/wp\/v2\/types\/page"}],"author":[{"embeddable":true,"href":"https:\/\/tennisclublerouret.com\/index.php\/wp-json\/wp\/v2\/users\/2"}],"replies":[{"embeddable":true,"href":"https:\/\/tennisclublerouret.com\/index.php\/wp-json\/wp\/v2\/comments?post=58"}],"version-history":[{"count":4,"href":"https:\/\/tennisclublerouret.com\/index.php\/wp-json\/wp\/v2\/pages\/58\/revisions"}],"predecessor-version":[{"id":770,"href":"https:\/\/tennisclublerouret.com\/index.php\/wp-json\/wp\/v2\/pages\/58\/revisions\/770"}],"wp:attachment":[{"href":"https:\/\/tennisclublerouret.com\/index.php\/wp-json\/wp\/v2\/media?parent=58"}],"curies":[{"name":"wp","href":"https:\/\/api.w.org\/{rel}","templated":true}]}}