{"id":317,"date":"2018-11-10T22:05:15","date_gmt":"2018-11-10T21:05:15","guid":{"rendered":"http:\/\/tennisclublerouret.lsfplus.fr\/index.php\/mesmerize\/"},"modified":"2023-09-28T17:51:19","modified_gmt":"2023-09-28T15:51:19","slug":"mesmerize","status":"publish","type":"page","link":"https:\/\/tennisclublerouret.com\/","title":{"rendered":"Front Page"},"content":{"rendered":"<div  class=\"overlappable-4 content-section content-section-spacing\" style=\"background-color: #ffffff; background-image: none;\" data-label=\"Overlappable\" data-id=\"overlappable-4\" data-export-id=\"overlappable-4\" data-category=\"overlappable\" data-overlap=\"true\">\n<div  class=\"gridContainer\">\n<div  class=\"row spaced-cols text-center\" data-type=\"row\">\n<div  class=\"col-xs-12 col-sm-4 col-padding\"><i  class=\"fa icon shadow-large-black aligncenter color1 fa-calendar reverse round large\"><\/i>\n<div  class=\"\" data-type=\"column\">\n<h5  class=\"\">RESERVER UN COURT<\/h5>\n<p  class=\"\">R\u00e9servez directement votre terrain de tennis en ligne avec vos identifiants Balle Jaune<\/p>\n\n<\/div>\n<\/div>\n<div  class=\"col-xs-12 col-sm-4 col-padding\"><i  class=\"fa icon shadow-large-black aligncenter color1 fa-drivers-license-o reverse round large\"><\/i>\n<div  class=\"\" data-type=\"column\">\n<h5  class=\"\">S\u2019INSCRIRE AU CLUB<\/h5>\n<p  class=\"\">Vous souhaitez vous inscrire ou renouveler votre adh\u00e9sion au club<\/p>\n\n<\/div>\n<\/div>\n<div  class=\"col-xs-12 col-sm-4 col-padding\"><i  class=\"fa icon shadow-large-black aligncenter color1 fa-commenting-o reverse round large\"><\/i>\n<div  class=\"\" data-type=\"column\">\n<h5  class=\"\">CONTACTEZ-NOUS<\/h5>\n<p  class=\"\">Besoin d\u2019informations ? C\u2019est ici<\/p>\n\n<\/div>\n<\/div>\n<\/div>\n<\/div>\n<\/div><div  id=\"reserver-un-court\" class=\"cta-blue-section content-section content-section-spacing-medium bg-color1 white-text\" data-label=\"Reserver un court\" data-id=\"cta-blue-section\" data-export-id=\"cta-blue-section\" data-category=\"cta\">\n<div  class=\"gridContainer\">\n<div  class=\"row middle-xs\">\n<div  class=\"col-sm-8 space-bottom-xs\" data-type=\"column\">\n<h2  class=\"\"><a class=\"\" href=\"https:\/\/tennisclublerouret.com\/index.php\/reservation\" target=\"_self\" rel=\"noopener noreferrer\">R\u00e9servez en ligne votre terrain<\/a><\/h2>\n<p  class=\"lead\">3 courts de tennis \u00e9clair\u00e9s<\/p>\n\n<\/div>\n<div  class=\"col-sm-4 end-sm\" data-type=\"column\"><a class=\"button color2\" href=\"https:\/\/tennisclublerouret.com\/index.php\/reservation\" target=\"_self\" rel=\"noopener noreferrer\" data-cp-link=\"1\"> &nbsp;&nbsp;&nbsp;&nbsp;&nbsp;&nbsp;&nbsp;&nbsp;&nbsp;&nbsp;&nbsp;&nbsp;&nbsp;&nbsp;RESERVER (ADHERENTS) &nbsp; &nbsp; &nbsp; &nbsp; &nbsp; &nbsp; &nbsp;<\/a><\/div>\n<\/div>\n<\/div>\n<\/div><div  id=\"actualite-du-club\" class=\"blog-section blog-section-standard content-section content-section-spacing\" style=\"background-color: #f5fafd;\" data-label=\"Actualite du club\" data-id=\"blog-section\" data-export-id=\"blog-section\" data-category=\"latest_news\">\n<div  class=\"gridContainer\">\n<div  class=\"row\">\n<div  class=\"section-title-col\" data-type=\"column\">\n<h2  class=\"\">Actualit\u00e9 du Club<\/h2>\n<\/div>\n<\/div>\n<div  class=\"row\">\n<div  data-type=\"row\" data-dynamic-columns=\"handled\" data-content-shortcode=\"mesmerize_latest_news\">\t\t<div class=\"row center-sm content-left-sm\">\n\t\t\t\t\t<div id=\"post-747\" class=\"col-sm-6 col-md-4 space-bottom space-bottom-xs\">\n\t\t\t\t<div class=\"post-content card y-move bordered\">\n\t\t\t\t\t<div class=\"post-thumbnail\">\n   <a href=\"https:\/\/tennisclublerouret.com\/index.php\/2023\/09\/27\/les-deux-terrains-en-resine-sont-neufs-ouverts-depuis-le-18-septembre-2023-a-vos-raquettes\/\" class=\"post-list-item-thumb \">\n      \n            <svg class=\"mesmerize-post-list-item-thumb-placeholder\" width=\"890\" height=\"580\" viewBox=\"0 0 890 580\"\n         preserveAspectRatio=\"none\">\n         <rect width=\"890\" height=\"580\" style=\"fill:#FF9800;\"><\/rect>\n      <\/svg>\n               <\/a>\n<\/div>\n\t\t\t\t\t<div class=\"col-padding col-padding-xs\">\n\t\t\t\t\t\t<h3 class=\"post-title space-bottom-small\">\n\t\t\t\t\t\t\t<a href=\"https:\/\/tennisclublerouret.com\/index.php\/2023\/09\/27\/les-deux-terrains-en-resine-sont-neufs-ouverts-depuis-le-18-septembre-2023-a-vos-raquettes\/\" rel=\"bookmark\">\n\t\t\t\t\t\t\t\tLes deux terrains en r\u00e9sine sont neufs : Ouverts depuis le 18 Septembre  2023: A vos raquettes\t\t\t\t\t\t\t<\/a>\n\t\t\t\t\t\t<\/h3>\n\t\t\t\t\t\t\t\t\t\t\t\t<a class=\"read-more link\" href=\"https:\/\/tennisclublerouret.com\/index.php\/2023\/09\/27\/les-deux-terrains-en-resine-sont-neufs-ouverts-depuis-le-18-septembre-2023-a-vos-raquettes\/\">\n\t\t\t\t\t\t\tRead more\t\t\t\t\t\t<\/a>\n\t\t\t\t\t<\/div>\n\t\t\t\t<\/div>\n\t\t\t<\/div>\n\t\t\t\t\t\t<div id=\"post-731\" class=\"col-sm-6 col-md-4 space-bottom space-bottom-xs\">\n\t\t\t\t<div class=\"post-content card y-move bordered\">\n\t\t\t\t\t<div class=\"post-thumbnail\">\n   <a href=\"https:\/\/tennisclublerouret.com\/index.php\/2023\/09\/08\/forum-des-associations-2023\/\" class=\"post-list-item-thumb \">\n      <img width=\"296\" height=\"230\" src=\"https:\/\/tennisclublerouret.com\/wp-content\/uploads\/2022\/07\/ForumDesAssociations2022-2.jpg\" class=\"attachment-post-thumbnail size-post-thumbnail wp-post-image\" alt=\"\" decoding=\"async\" \/>   <\/a>\n<\/div>\n\t\t\t\t\t<div class=\"col-padding col-padding-xs\">\n\t\t\t\t\t\t<h3 class=\"post-title space-bottom-small\">\n\t\t\t\t\t\t\t<a href=\"https:\/\/tennisclublerouret.com\/index.php\/2023\/09\/08\/forum-des-associations-2023\/\" rel=\"bookmark\">\n\t\t\t\t\t\t\t\tForum des associations 2023\t\t\t\t\t\t\t<\/a>\n\t\t\t\t\t\t<\/h3>\n\t\t\t\t\t\t<p>Samedi 9 Septembre 2023, de 10h \u00e0 15h Place de la Lib\u00e9ration&nbsp; Venez nous rencontrez et faites le plein d\u2019activit\u00e9s pour petits et grands\u2026. Entr\u00e9e libre et gratuite, Informations Mairie[&hellip;]<\/p>\n\t\t\t\t\t\t<a class=\"read-more link\" href=\"https:\/\/tennisclublerouret.com\/index.php\/2023\/09\/08\/forum-des-associations-2023\/\">\n\t\t\t\t\t\t\tRead more\t\t\t\t\t\t<\/a>\n\t\t\t\t\t<\/div>\n\t\t\t\t<\/div>\n\t\t\t<\/div>\n\t\t\t\t\t\t<div id=\"post-669\" class=\"col-sm-6 col-md-4 space-bottom space-bottom-xs\">\n\t\t\t\t<div class=\"post-content card y-move bordered\">\n\t\t\t\t\t<div class=\"post-thumbnail\">\n   <a href=\"https:\/\/tennisclublerouret.com\/index.php\/2022\/07\/05\/des-travaux-au-club-house\/\" class=\"post-list-item-thumb \">\n      <img width=\"1024\" height=\"768\" src=\"https:\/\/tennisclublerouret.com\/wp-content\/uploads\/2022\/08\/Travaux-ClubHouse-1024x768.jpeg\" class=\"attachment-post-thumbnail size-post-thumbnail wp-post-image\" alt=\"\" decoding=\"async\" srcset=\"https:\/\/tennisclublerouret.com\/wp-content\/uploads\/2022\/08\/Travaux-ClubHouse-1024x768.jpeg 1024w, https:\/\/tennisclublerouret.com\/wp-content\/uploads\/2022\/08\/Travaux-ClubHouse-300x225.jpeg 300w, https:\/\/tennisclublerouret.com\/wp-content\/uploads\/2022\/08\/Travaux-ClubHouse-768x576.jpeg 768w, https:\/\/tennisclublerouret.com\/wp-content\/uploads\/2022\/08\/Travaux-ClubHouse-1536x1152.jpeg 1536w, https:\/\/tennisclublerouret.com\/wp-content\/uploads\/2022\/08\/Travaux-ClubHouse-2048x1536.jpeg 2048w, https:\/\/tennisclublerouret.com\/wp-content\/uploads\/2022\/08\/Travaux-ClubHouse-1440x1080.jpeg 1440w\" sizes=\"(max-width: 1024px) 100vw, 1024px\" \/>   <\/a>\n<\/div>\n\t\t\t\t\t<div class=\"col-padding col-padding-xs\">\n\t\t\t\t\t\t<h3 class=\"post-title space-bottom-small\">\n\t\t\t\t\t\t\t<a href=\"https:\/\/tennisclublerouret.com\/index.php\/2022\/07\/05\/des-travaux-au-club-house\/\" rel=\"bookmark\">\n\t\t\t\t\t\t\t\tDes travaux au Club House\t\t\t\t\t\t\t<\/a>\n\t\t\t\t\t\t<\/h3>\n\t\t\t\t\t\t<p>EN COOPERATION AVEC LA MAIRIE DU ROURET, DES TRAVAUX SONT EN COURS AU NIVEAU DU CLUB HOUSE&nbsp; Une terrasse couverte attenante au club-house a \u00e9t\u00e9 r\u00e9alis\u00e9 au mois de Juillet.[&hellip;]<\/p>\n\t\t\t\t\t\t<a class=\"read-more link\" href=\"https:\/\/tennisclublerouret.com\/index.php\/2022\/07\/05\/des-travaux-au-club-house\/\">\n\t\t\t\t\t\t\tRead more\t\t\t\t\t\t<\/a>\n\t\t\t\t\t<\/div>\n\t\t\t\t<\/div>\n\t\t\t<\/div>\n\t\t\t\t<\/div>\n\t<\/div>\n<\/div>\n<div  class=\"row\">\n<div  class=\"text-center\"><a class=\"button color1\" href=\"https:\/\/tennisclublerouret.com\/index.php\/blog\/\" target=\"_self\" rel=\"noopener noreferrer\" data-attr-shortcode=\"href:mesmerize_blog_link\">CONSULTER TOUTES LES PUBLICATIONS<\/a><\/div>\n<\/div>\n<\/div>\n<\/div><div  id=\"contact\" class=\"contact-1 content-section content-section-spacing white-text\" data-label=\"Contact\" data-id=\"contact-1\" data-export-id=\"contact-1\" data-category=\"contact\" data-parallax-depth=\"20\">\n<div  class=\"gridContainer\">\n<div  class=\"row text-center\">\n<div  class=\"section-title-col\" data-type=\"column\">\n<h2  class=\"\">Contactez-nous<\/h2>\n<p  class=\"lead\"><u >LE CLUB<\/u>&nbsp;:&nbsp;5 impasse de clamarquier, 06650 Le Rouret<\/p>\n<u  class=\"\">Renseignements<\/u>&nbsp;: du lundi au samedi: 10:00 \u2013 19:00\n\n04 93 77 73 02\n<div  class=\"\"><strong >Entrainements <\/strong><b >Comp\u00e9titions:<\/b><\/div>\n<div  class=\"\"><\/div>\n<div  class=\"\">Professeur BE: <strong >Florian Eysseric&nbsp; <\/strong>Classe 1\/6&nbsp; Ex n\u00b0 300 fran\u00e7ais<\/div>\n<div  class=\"\">&nbsp;Tel 06.66.77.54.40<\/div>\n<div  class=\"\"><\/div>\n<u  class=\"\">L\u2019ECOLE DE TENNIS<\/u>\nProfesseur: Francois-Xavier (FX) DAMS\nTel : 06 68 32 59 47\n\n<a class=\"\" href=\"https:\/\/goo.gl\/maps\/4p2wny3KoV12\" target=\"_blank\" rel=\"noopener noreferrer\" data-cp-link=\"1\"><img  decoding=\"async\" class=\"custom-image\" title=\"map\" src=\"https:\/\/tennisclublerouret.lsfplus.fr\/wp-content\/uploads\/2018\/11\/map.png\" alt=\"\"><\/a>\n\n<\/div>\n<\/div>\n<div  class=\"row text-center\">\n<div  class=\"col-xs-12 col-sm-8 col-sm-offset-2 contact-form-wrapper inline-info\">\n<div  class=\"card large-padding\">\n<div  class=\"\" data-content-shortcode=\"mesmerize_contact_form shortcode=&quot;wpforms id=&amp;amp;quot;405&amp;amp;quot;&quot;\" data-editable=\"true\"><div class=\"wpforms-container wpforms-container-full\" id=\"wpforms-405\"><form id=\"wpforms-form-405\" class=\"wpforms-validate wpforms-form\" data-formid=\"405\" method=\"post\" enctype=\"multipart\/form-data\" action=\"\/index.php\/wp-json\/wp\/v2\/pages\/317\" data-token=\"c9c307a2d4392ce298cc2e1453ec1ab3\"><noscript class=\"wpforms-error-noscript\">Veuillez activer JavaScript dans votre navigateur pour remplir ce formulaire.<\/noscript><div class=\"wpforms-field-container\"><div id=\"wpforms-405-field_5-container\" class=\"wpforms-field wpforms-field-text\" data-field-id=\"5\"><label class=\"wpforms-field-label\" for=\"wpforms-405-field_5\">Nom <span class=\"wpforms-required-label\">*<\/span><\/label><input type=\"text\" id=\"wpforms-405-field_5\" class=\"wpforms-field-medium wpforms-field-required\" name=\"wpforms[fields][5]\" required><\/div><div id=\"wpforms-405-field_3-container\" class=\"wpforms-field wpforms-field-text\" data-field-id=\"3\"><label class=\"wpforms-field-label\" for=\"wpforms-405-field_3\">Pr\u00e9nom <span class=\"wpforms-required-label\">*<\/span><\/label><input type=\"text\" id=\"wpforms-405-field_3\" class=\"wpforms-field-medium wpforms-field-required\" name=\"wpforms[fields][3]\" required><\/div><div id=\"wpforms-405-field_1-container\" class=\"wpforms-field wpforms-field-email\" data-field-id=\"1\"><label class=\"wpforms-field-label\" for=\"wpforms-405-field_1\">Email <span class=\"wpforms-required-label\">*<\/span><\/label><input type=\"email\" id=\"wpforms-405-field_1\" class=\"wpforms-field-large wpforms-field-required\" name=\"wpforms[fields][1]\" spellcheck=\"false\" required><\/div><div id=\"wpforms-405-field_2-container\" class=\"wpforms-field wpforms-field-textarea\" data-field-id=\"2\"><label class=\"wpforms-field-label\" for=\"wpforms-405-field_2\">Votre message <span class=\"wpforms-required-label\">*<\/span><\/label><textarea id=\"wpforms-405-field_2\" class=\"wpforms-field-large wpforms-field-required\" name=\"wpforms[fields][2]\" required><\/textarea><\/div><\/div><!-- .wpforms-field-container --><div class=\"wpforms-field wpforms-field-hp\"><label for=\"wpforms-405-field-hp\" class=\"wpforms-field-label\">Name<\/label><input type=\"text\" name=\"wpforms[hp]\" id=\"wpforms-405-field-hp\" class=\"wpforms-field-medium\"><\/div><div class=\"wpforms-submit-container\" ><input type=\"hidden\" name=\"wpforms[id]\" value=\"405\"><input type=\"hidden\" name=\"wpforms[author]\" value=\"4\"><button type=\"submit\" name=\"wpforms[submit]\" id=\"wpforms-submit-405\" class=\"wpforms-submit button color1\" data-alt-text=\"Sending...\" data-submit-text=\"Envoyer\" aria-live=\"assertive\" value=\"wpforms-submit\">Envoyer<\/button><\/div><\/form><\/div>  <!-- .wpforms-container --><\/div>\n<\/div>\n<\/div>\n<\/div>\n<\/div>\n<\/div>","protected":false},"excerpt":{"rendered":"<p>RESERVER UN COURT R\u00e9servez directement votre terrain de tennis en ligne avec vos identifiants Balle Jaune S\u2019INSCRIRE AU CLUB Vous souhaitez vous inscrire ou renouveler votre adh\u00e9sion au club CONTACTEZ-NOUS Besoin d\u2019informations ? C\u2019est ici R\u00e9servez en ligne votre terrain 3 courts de tennis \u00e9clair\u00e9s &nbsp;&nbsp;&nbsp;&nbsp;&nbsp;&nbsp;&nbsp;&nbsp;&nbsp;&nbsp;&nbsp;&nbsp;&nbsp;&nbsp;RESERVER (ADHERENTS) &nbsp; &nbsp; &nbsp; &nbsp; &nbsp; &nbsp; &nbsp; Actualit\u00e9&hellip; <br \/> <a class=\"read-more\" href=\"https:\/\/tennisclublerouret.com\/index.php\/2022\/07\/05\/des-travaux-au-club-house\/\">Lire la suite<\/a><\/p>\n","protected":false},"author":1,"featured_media":0,"parent":0,"menu_order":0,"comment_status":"closed","ping_status":"closed","template":"page-templates\/homepage.php","meta":{"_mi_skip_tracking":false,"_monsterinsights_sitenote_active":false,"_monsterinsights_sitenote_note":"","_monsterinsights_sitenote_category":0,"footnotes":""},"_links":{"self":[{"href":"https:\/\/tennisclublerouret.com\/index.php\/wp-json\/wp\/v2\/pages\/317"}],"collection":[{"href":"https:\/\/tennisclublerouret.com\/index.php\/wp-json\/wp\/v2\/pages"}],"about":[{"href":"https:\/\/tennisclublerouret.com\/index.php\/wp-json\/wp\/v2\/types\/page"}],"author":[{"embeddable":true,"href":"https:\/\/tennisclublerouret.com\/index.php\/wp-json\/wp\/v2\/users\/1"}],"replies":[{"embeddable":true,"href":"https:\/\/tennisclublerouret.com\/index.php\/wp-json\/wp\/v2\/comments?post=317"}],"version-history":[{"count":59,"href":"https:\/\/tennisclublerouret.com\/index.php\/wp-json\/wp\/v2\/pages\/317\/revisions"}],"predecessor-version":[{"id":776,"href":"https:\/\/tennisclublerouret.com\/index.php\/wp-json\/wp\/v2\/pages\/317\/revisions\/776"}],"wp:attachment":[{"href":"https:\/\/tennisclublerouret.com\/index.php\/wp-json\/wp\/v2\/media?parent=317"}],"curies":[{"name":"wp","href":"https:\/\/api.w.org\/{rel}","templated":true}]}}