{"id":150,"date":"2017-06-17T22:54:47","date_gmt":"2017-06-17T21:54:47","guid":{"rendered":"https:\/\/tennisclublerouret.wordpress.com\/?page_id=150"},"modified":"2018-12-09T17:43:23","modified_gmt":"2018-12-09T16:43:23","slug":"partenaires","status":"publish","type":"page","link":"https:\/\/tennisclublerouret.com\/index.php\/partenaires\/","title":{"rendered":"Partenaires"},"content":{"rendered":"<p><span style=\"color: #000000;\">Cette page est r\u00e9serv\u00e9e \u00e0 nos partenaires fid\u00e8les qui soutiennent le club.<\/span><\/p>\n<p><span style=\"color: #000000;\">Nous souhaitons le faire savoir aupr\u00e8s de nos membres au sein de cette page.<\/span><\/p>\n<p><span style=\"color: #000000;\">Si vous souhaitez devenir partenaire du Club et de nos adh\u00e9rents, contactez nous via le formulaire ci dessous.<\/span><\/p>\n<p><span style=\"color: #000000;\">Nous serons heureux d&rsquo;\u00e9tudier vos propositions de partenariat<\/span><\/p>\n<p>\u00a0<\/p>\n<p><span style=\"color: #000000;\">Bien amicalement,<\/span><\/p>\n<p><span style=\"color: #000000;\">Les membres du Bureau<\/span><\/p>\n<p>\u00a0<\/p>\n\n<div class=\"wpforms-container wpforms-container-full wpforms-block\" id=\"wpforms-405\"><form id=\"wpforms-form-405\" class=\"wpforms-validate wpforms-form\" data-formid=\"405\" method=\"post\" enctype=\"multipart\/form-data\" action=\"\/index.php\/wp-json\/wp\/v2\/pages\/150\" data-token=\"df005668bf206eeda88b6625a5c45683\"><noscript class=\"wpforms-error-noscript\">Veuillez activer JavaScript dans votre navigateur pour remplir ce formulaire.<\/noscript><div class=\"wpforms-field-container\"><div id=\"wpforms-405-field_5-container\" class=\"wpforms-field wpforms-field-text\" data-field-id=\"5\"><label class=\"wpforms-field-label\" for=\"wpforms-405-field_5\">Nom <span class=\"wpforms-required-label\">*<\/span><\/label><input type=\"text\" id=\"wpforms-405-field_5\" class=\"wpforms-field-medium wpforms-field-required\" name=\"wpforms[fields][5]\" required><\/div><div id=\"wpforms-405-field_3-container\" class=\"wpforms-field wpforms-field-text\" data-field-id=\"3\"><label class=\"wpforms-field-label\" for=\"wpforms-405-field_3\">Pr\u00e9nom <span class=\"wpforms-required-label\">*<\/span><\/label><input type=\"text\" id=\"wpforms-405-field_3\" class=\"wpforms-field-medium wpforms-field-required\" name=\"wpforms[fields][3]\" required><\/div><div id=\"wpforms-405-field_1-container\" class=\"wpforms-field wpforms-field-email\" data-field-id=\"1\"><label class=\"wpforms-field-label\" for=\"wpforms-405-field_1\">Email <span class=\"wpforms-required-label\">*<\/span><\/label><input type=\"email\" id=\"wpforms-405-field_1\" class=\"wpforms-field-large wpforms-field-required\" name=\"wpforms[fields][1]\" spellcheck=\"false\" required><\/div><div id=\"wpforms-405-field_2-container\" class=\"wpforms-field wpforms-field-textarea\" data-field-id=\"2\"><label class=\"wpforms-field-label\" for=\"wpforms-405-field_2\">Votre message <span class=\"wpforms-required-label\">*<\/span><\/label><textarea id=\"wpforms-405-field_2\" class=\"wpforms-field-large wpforms-field-required\" name=\"wpforms[fields][2]\" required><\/textarea><\/div><\/div><!-- .wpforms-field-container --><div class=\"wpforms-field wpforms-field-hp\"><label for=\"wpforms-405-field-hp\" class=\"wpforms-field-label\">Email<\/label><input type=\"text\" name=\"wpforms[hp]\" id=\"wpforms-405-field-hp\" class=\"wpforms-field-medium\"><\/div><div class=\"wpforms-submit-container\" ><input type=\"hidden\" name=\"wpforms[id]\" value=\"405\"><input type=\"hidden\" name=\"wpforms[author]\" value=\"2\"><button type=\"submit\" name=\"wpforms[submit]\" id=\"wpforms-submit-405\" class=\"wpforms-submit button color1\" data-alt-text=\"Sending...\" data-submit-text=\"Envoyer\" aria-live=\"assertive\" value=\"wpforms-submit\">Envoyer<\/button><\/div><\/form><\/div>  <!-- .wpforms-container -->","protected":false},"excerpt":{"rendered":"<p>Cette page est r\u00e9serv\u00e9e \u00e0 nos partenaires fid\u00e8les qui soutiennent le club. Nous souhaitons le faire savoir aupr\u00e8s de nos membres au sein de cette page. Si vous souhaitez devenir partenaire du Club et de nos adh\u00e9rents, contactez nous via le formulaire ci dessous. Nous serons heureux d&rsquo;\u00e9tudier vos propositions de partenariat \u00a0 Bien amicalement,&hellip; <br \/> <a class=\"read-more\" href=\"https:\/\/tennisclublerouret.com\/index.php\/partenaires\/\">Lire la suite<\/a><\/p>\n","protected":false},"author":2,"featured_media":0,"parent":0,"menu_order":0,"comment_status":"closed","ping_status":"closed","template":"","meta":{"_mi_skip_tracking":false,"_monsterinsights_sitenote_active":false,"_monsterinsights_sitenote_note":"","_monsterinsights_sitenote_category":0,"footnotes":""},"_links":{"self":[{"href":"https:\/\/tennisclublerouret.com\/index.php\/wp-json\/wp\/v2\/pages\/150"}],"collection":[{"href":"https:\/\/tennisclublerouret.com\/index.php\/wp-json\/wp\/v2\/pages"}],"about":[{"href":"https:\/\/tennisclublerouret.com\/index.php\/wp-json\/wp\/v2\/types\/page"}],"author":[{"embeddable":true,"href":"https:\/\/tennisclublerouret.com\/index.php\/wp-json\/wp\/v2\/users\/2"}],"replies":[{"embeddable":true,"href":"https:\/\/tennisclublerouret.com\/index.php\/wp-json\/wp\/v2\/comments?post=150"}],"version-history":[{"count":4,"href":"https:\/\/tennisclublerouret.com\/index.php\/wp-json\/wp\/v2\/pages\/150\/revisions"}],"predecessor-version":[{"id":501,"href":"https:\/\/tennisclublerouret.com\/index.php\/wp-json\/wp\/v2\/pages\/150\/revisions\/501"}],"wp:attachment":[{"href":"https:\/\/tennisclublerouret.com\/index.php\/wp-json\/wp\/v2\/media?parent=150"}],"curies":[{"name":"wp","href":"https:\/\/api.w.org\/{rel}","templated":true}]}}